{"id":5,"date":"2014-08-11T23:05:29","date_gmt":"2014-08-11T23:05:29","guid":{"rendered":"http:\/\/marcelovenerandoortodontia.com.br\/?page_id=5"},"modified":"2022-10-21T13:30:00","modified_gmt":"2022-10-21T13:30:00","slug":"clinica","status":"publish","type":"page","link":"https:\/\/marcelovenerandoortodontia.com.br\/?page_id=5","title":{"rendered":"Cl\u00ednica"},"content":{"rendered":"<p>Possu\u00edmos 3 consult\u00f3rios, com uma equipe de profissionais altamente qualificadas, com dentistas especializados e um atendimento voltado para o bem estar, a satisfa\u00e7\u00e3o dos nossos pacientes, com atendimento personalizado.<\/p>\n<p>Nosso trabalho \u00e9 focado no cuidado, a aten\u00e7\u00e3o e o respeito com o seu sorriso, com o prop\u00f3sito de atender as suas necessidades e expectativas, buscando resultados consistentes.<\/p>\n<p><strong>A Marca Marcelo Venerando Ortodontia<\/strong> <strong>Especializada<\/strong> representa a especializa\u00e7\u00e3o sobre os tratamentos ortod\u00f4nticos, com o objetivo primordial de proporcionar aos nossos pacientes resultados est\u00e9tico e funcional com harmonia facial.<\/p>\n<p>&nbsp;<\/p>\n","protected":false},"excerpt":{"rendered":"<p>Possu\u00edmos 3 consult\u00f3rios, com uma equipe de profissionais altamente qualificadas, com dentistas especializados e um atendimento voltado para o bem estar, a satisfa\u00e7\u00e3o dos nossos pacientes, com atendimento personalizado. Nosso trabalho \u00e9 focado no cuidado, a aten\u00e7\u00e3o e o respeito com o seu sorriso, com o prop\u00f3sito de atender as suas necessidades e expectativas, buscando [&hellip;]<\/p>\n","protected":false},"author":1,"featured_media":0,"parent":0,"menu_order":9,"comment_status":"open","ping_status":"open","template":"pagina-demo.php","meta":{"_acf_changed":false,"footnotes":""},"class_list":["post-5","page","type-page","status-publish","hentry"],"acf":[],"yoast_head":"<!-- This site is optimized with the Yoast SEO plugin v22.7 - https:\/\/yoast.com\/wordpress\/plugins\/seo\/ -->\n<title>Cl\u00ednica | Marcelo Venerando Ortodontia Especializada<\/title>\n<meta name=\"description\" content=\"marcelo venerando\" \/>\n<meta name=\"robots\" content=\"index, follow, max-snippet:-1, max-image-preview:large, max-video-preview:-1\" \/>\n<link rel=\"canonical\" href=\"https:\/\/marcelovenerandoortodontia.com.br\/?page_id=5\" \/>\n<meta property=\"og:locale\" content=\"pt_BR\" \/>\n<meta property=\"og:type\" content=\"article\" \/>\n<meta property=\"og:title\" content=\"Cl\u00ednica | Marcelo Venerando Ortodontia Especializada\" \/>\n<meta property=\"og:description\" content=\"marcelo venerando\" \/>\n<meta property=\"og:url\" content=\"https:\/\/marcelovenerandoortodontia.com.br\/?page_id=5\" \/>\n<meta property=\"og:site_name\" content=\"Marcelo Venerando Ortodontia Especializada\" \/>\n<meta property=\"article:modified_time\" content=\"2022-10-21T13:30:00+00:00\" \/>\n<meta name=\"twitter:label1\" content=\"Est. tempo de leitura\" \/>\n\t<meta name=\"twitter:data1\" content=\"1 minuto\" \/>\n<script type=\"application\/ld+json\" class=\"yoast-schema-graph\">{\"@context\":\"https:\/\/schema.org\",\"@graph\":[{\"@type\":\"WebPage\",\"@id\":\"https:\/\/marcelovenerandoortodontia.com.br\/?page_id=5\",\"url\":\"https:\/\/marcelovenerandoortodontia.com.br\/?page_id=5\",\"name\":\"Cl\u00ednica | Marcelo Venerando Ortodontia Especializada\",\"isPartOf\":{\"@id\":\"https:\/\/marcelovenerandoortodontia.com.br\/#website\"},\"datePublished\":\"2014-08-11T23:05:29+00:00\",\"dateModified\":\"2022-10-21T13:30:00+00:00\",\"description\":\"marcelo venerando\",\"breadcrumb\":{\"@id\":\"https:\/\/marcelovenerandoortodontia.com.br\/?page_id=5#breadcrumb\"},\"inLanguage\":\"pt-BR\",\"potentialAction\":[{\"@type\":\"ReadAction\",\"target\":[\"https:\/\/marcelovenerandoortodontia.com.br\/?page_id=5\"]}]},{\"@type\":\"BreadcrumbList\",\"@id\":\"https:\/\/marcelovenerandoortodontia.com.br\/?page_id=5#breadcrumb\",\"itemListElement\":[{\"@type\":\"ListItem\",\"position\":1,\"name\":\"In\u00edcio\",\"item\":\"https:\/\/marcelovenerandoortodontia.com.br\/\"},{\"@type\":\"ListItem\",\"position\":2,\"name\":\"Cl\u00ednica\"}]},{\"@type\":\"WebSite\",\"@id\":\"https:\/\/marcelovenerandoortodontia.com.br\/#website\",\"url\":\"https:\/\/marcelovenerandoortodontia.com.br\/\",\"name\":\"Marcelo Venerando Ortodontia Especializada\",\"description\":\"\",\"potentialAction\":[{\"@type\":\"SearchAction\",\"target\":{\"@type\":\"EntryPoint\",\"urlTemplate\":\"https:\/\/marcelovenerandoortodontia.com.br\/?s={search_term_string}\"},\"query-input\":\"required name=search_term_string\"}],\"inLanguage\":\"pt-BR\"}]}<\/script>\n<!-- \/ Yoast SEO plugin. -->","yoast_head_json":{"title":"Cl\u00ednica | Marcelo Venerando Ortodontia Especializada","description":"marcelo venerando","robots":{"index":"index","follow":"follow","max-snippet":"max-snippet:-1","max-image-preview":"max-image-preview:large","max-video-preview":"max-video-preview:-1"},"canonical":"https:\/\/marcelovenerandoortodontia.com.br\/?page_id=5","og_locale":"pt_BR","og_type":"article","og_title":"Cl\u00ednica | Marcelo Venerando Ortodontia Especializada","og_description":"marcelo venerando","og_url":"https:\/\/marcelovenerandoortodontia.com.br\/?page_id=5","og_site_name":"Marcelo Venerando Ortodontia Especializada","article_modified_time":"2022-10-21T13:30:00+00:00","twitter_misc":{"Est. tempo de leitura":"1 minuto"},"schema":{"@context":"https:\/\/schema.org","@graph":[{"@type":"WebPage","@id":"https:\/\/marcelovenerandoortodontia.com.br\/?page_id=5","url":"https:\/\/marcelovenerandoortodontia.com.br\/?page_id=5","name":"Cl\u00ednica | Marcelo Venerando Ortodontia Especializada","isPartOf":{"@id":"https:\/\/marcelovenerandoortodontia.com.br\/#website"},"datePublished":"2014-08-11T23:05:29+00:00","dateModified":"2022-10-21T13:30:00+00:00","description":"marcelo venerando","breadcrumb":{"@id":"https:\/\/marcelovenerandoortodontia.com.br\/?page_id=5#breadcrumb"},"inLanguage":"pt-BR","potentialAction":[{"@type":"ReadAction","target":["https:\/\/marcelovenerandoortodontia.com.br\/?page_id=5"]}]},{"@type":"BreadcrumbList","@id":"https:\/\/marcelovenerandoortodontia.com.br\/?page_id=5#breadcrumb","itemListElement":[{"@type":"ListItem","position":1,"name":"In\u00edcio","item":"https:\/\/marcelovenerandoortodontia.com.br\/"},{"@type":"ListItem","position":2,"name":"Cl\u00ednica"}]},{"@type":"WebSite","@id":"https:\/\/marcelovenerandoortodontia.com.br\/#website","url":"https:\/\/marcelovenerandoortodontia.com.br\/","name":"Marcelo Venerando Ortodontia Especializada","description":"","potentialAction":[{"@type":"SearchAction","target":{"@type":"EntryPoint","urlTemplate":"https:\/\/marcelovenerandoortodontia.com.br\/?s={search_term_string}"},"query-input":"required name=search_term_string"}],"inLanguage":"pt-BR"}]}},"_links":{"self":[{"href":"https:\/\/marcelovenerandoortodontia.com.br\/index.php?rest_route=\/wp\/v2\/pages\/5","targetHints":{"allow":["GET"]}}],"collection":[{"href":"https:\/\/marcelovenerandoortodontia.com.br\/index.php?rest_route=\/wp\/v2\/pages"}],"about":[{"href":"https:\/\/marcelovenerandoortodontia.com.br\/index.php?rest_route=\/wp\/v2\/types\/page"}],"author":[{"embeddable":true,"href":"https:\/\/marcelovenerandoortodontia.com.br\/index.php?rest_route=\/wp\/v2\/users\/1"}],"replies":[{"embeddable":true,"href":"https:\/\/marcelovenerandoortodontia.com.br\/index.php?rest_route=%2Fwp%2Fv2%2Fcomments&post=5"}],"version-history":[{"count":27,"href":"https:\/\/marcelovenerandoortodontia.com.br\/index.php?rest_route=\/wp\/v2\/pages\/5\/revisions"}],"predecessor-version":[{"id":502,"href":"https:\/\/marcelovenerandoortodontia.com.br\/index.php?rest_route=\/wp\/v2\/pages\/5\/revisions\/502"}],"wp:attachment":[{"href":"https:\/\/marcelovenerandoortodontia.com.br\/index.php?rest_route=%2Fwp%2Fv2%2Fmedia&parent=5"}],"curies":[{"name":"wp","href":"https:\/\/api.w.org\/{rel}","templated":true}]}}